{"id":98,"date":"2025-02-07T20:46:57","date_gmt":"2025-02-07T20:46:57","guid":{"rendered":"https:\/\/blacklionit.tech\/?page_id=98"},"modified":"2025-06-26T15:04:18","modified_gmt":"2025-06-26T15:04:18","slug":"services","status":"publish","type":"page","link":"https:\/\/blacklionit.tech\/es\/services\/","title":{"rendered":"Take a look at our amazing services!"},"content":{"rendered":"<div class=\"wp-block-uagb-separator uagb-block-3081c34b\"><div class=\"wp-block-uagb-separator__inner\" style=\"--my-background-image:\"><\/div><\/div>\n\n\n\n<div class=\"wp-block-uagb-advanced-heading uagb-block-d06779f5\"><h1 class=\"uagb-heading-text\">Paquetes<\/h1><\/div>\n\n\n\n<div class=\"wp-block-uagb-separator uagb-block-3a32f4fc\"><div class=\"wp-block-uagb-separator__inner\" style=\"--my-background-image:\"><\/div><\/div>\n\n\n\n<div class=\"wp-block-uagb-separator uagb-block-b6664391 wp-block-uagb-separator--icon\"><div class=\"wp-block-uagb-separator__inner\" style=\"--my-background-image:\"><div class=\"wp-block-uagb-separator-element\"><svg xmlns=\"https:\/\/www.w3.org\/2000\/svg\" viewbox=\"0 0 576 512\"><path d=\"M576 136c0 22.09-17.91 40-40 40c-.248 0-.4551-.1266-.7031-.1305l-50.52 277.9C482 468.9 468.8 480 453.3 480H122.7c-15.46 0-28.72-11.06-31.48-26.27L40.71 175.9C40.46 175.9 40.25 176 39.1 176c-22.09 0-40-17.91-40-40S17.91 96 39.1 96s40 17.91 40 40c0 8.998-3.521 16.89-8.537 23.57l89.63 71.7c15.91 12.73 39.5 7.544 48.61-10.68l57.6-115.2C255.1 98.34 247.1 86.34 247.1 72C247.1 49.91 265.9 32 288 32s39.1 17.91 39.1 40c0 14.34-7.963 26.34-19.3 33.4l57.6 115.2c9.111 18.22 32.71 23.4 48.61 10.68l89.63-71.7C499.5 152.9 496 144.1 496 136C496 113.9 513.9 96 536 96S576 113.9 576 136z\"><\/path><\/svg><\/div><\/div><\/div>\n\n\n\n<div class=\"wp-block-uagb-separator uagb-block-2bf90e67\"><div class=\"wp-block-uagb-separator__inner\" style=\"--my-background-image:\"><\/div><\/div>\n\n\n\n<div class=\"wp-block-columns alignwide is-layout-flex wp-container-core-columns-is-layout-1a3f87fd wp-block-columns-is-layout-flex\" style=\"margin-top:0;margin-bottom:0;padding-top:0;padding-bottom:0\">\n<div class=\"wp-block-column has-border-color has-contrast-border-color has-contrast-color has-text-color has-link-color wp-elements-4fa563bd8069ae9fd6f7ed309ee89bc3 is-layout-flow wp-block-column-is-layout-flow\" style=\"border-width:4px;padding-top:1.5em;padding-right:1.05em;padding-bottom:1.5em;padding-left:1.05em\">\n<h2 class=\"wp-block-heading has-text-align-center has-ast-global-color-2-color has-text-color has-link-color wp-elements-c2f94e0f5e4e8be0d437c06aab201091\" id=\"basic\" style=\"font-size:40px\"><strong>B\u00e1sico<\/strong><\/h2>\n\n\n\n<p class=\"has-text-align-center has-normal-font-size\" style=\"line-height:1.5\">El comienzo de tu negocio moderno:<\/p>\n\n\n\n<hr class=\"wp-block-separator has-text-color has-contrast-color has-alpha-channel-opacity has-contrast-background-color has-background is-style-wide\"\/>\n\n\n\n<ul style=\"letter-spacing:0px;line-height:2.5\" class=\"wp-block-list has-normal-font-size\">\n<li>Instalaci\u00f3n y configuraci\u00f3n del software de reservas \u2013 Barberly.com.<\/li>\n\n\n\n<li>Desarrollo y configuraci\u00f3n de la aplicaci\u00f3n m\u00f3vil de Barberly.com.<\/li>\n\n\n\n<li>Mantenimiento del software de citas y del hardware relacionado.<\/li>\n\n\n\n<li>Instalaci\u00f3n y configuraci\u00f3n de kioscos de autoservicio.<\/li>\n\n\n\n<li>Configuraci\u00f3n de la fila digital (Queue) en la pantalla de preferencia del cliente. <\/li>\n<\/ul>\n<\/div>\n\n\n\n<div class=\"wp-block-column has-border-color has-contrast-border-color has-contrast-color has-text-color has-background has-link-color wp-elements-4617922ff3a1eb716f099594d85f779e is-layout-flow wp-block-column-is-layout-flow\" style=\"border-width:4px;background:linear-gradient(135deg,rgba(227,112,7,0.31) 0%,rgba(155,81,224,0.24) 100%);padding-top:1.5em;padding-right:1.05em;padding-bottom:1.5em;padding-left:1.05em\">\n<h2 class=\"wp-block-heading has-text-align-center has-ast-global-color-0-color has-text-color has-link-color wp-elements-9e5e4e98387bd1594f3b11c7da1a6bd5\" id=\"standard\" style=\"font-size:40px\"><strong>Est\u00e1ndar<\/strong><\/h2>\n\n\n\n<p class=\"has-text-align-center has-normal-font-size\" style=\"line-height:1.5\">Todo incluido en el paquete B\u00e1sico +<\/p>\n\n\n\n<hr class=\"wp-block-separator has-css-opacity is-style-wide\"\/>\n\n\n\n<ul style=\"background-color:#1c1c1c63;letter-spacing:0px;line-height:2.5\" class=\"wp-block-list has-background has-normal-font-size\">\n<li>Manejo de P.O.S. (Punto de Venta).<\/li>\n\n\n\n<li>Instalaci\u00f3n y configuraci\u00f3n de iPad por estaci\u00f3n de cada miembro del equipo.<\/li>\n\n\n\n<li>Mantenimiento de iPad. <\/li>\n<\/ul>\n<\/div>\n\n\n\n<div class=\"wp-block-column has-contrast-color has-text-color has-background has-link-color wp-elements-b4a75235ad68742456f6e851b7576f95 is-layout-flow wp-block-column-is-layout-flow\" style=\"border-width:4px;background:linear-gradient(135deg,rgba(75,235,221,0.78) 0%,rgba(151,119,209,0.84) 20%,rgba(207,41,185,0.78) 40%,rgba(237,43,130,0.8) 60%,rgba(250,105,97,0.79) 80%,rgba(255,249,77,0.71) 100%);padding-top:1.5em;padding-right:1.05em;padding-bottom:1.5em;padding-left:1.05em\">\n<h2 class=\"wp-block-heading has-text-align-center has-vivid-cyan-blue-color has-text-color has-link-color wp-elements-bd0249732df0ffb99aae87a8c2ccbe4a\" id=\"premium\" style=\"font-size:40px\"><strong>Premium<\/strong><\/h2>\n\n\n\n<p class=\"has-text-align-center has-normal-font-size\">Todo lo incluido en el paquete Est\u00e1ndar +<\/p>\n\n\n\n<hr class=\"wp-block-separator has-css-opacity is-style-wide\"\/>\n\n\n\n<ul style=\"background-color:#1c1c1c38;letter-spacing:0px;line-height:2.5\" class=\"wp-block-list has-background has-normal-font-size\">\n<li>Manejo del equipo electr\u00f3nico existente.<\/li>\n\n\n\n<li>Manejo de red local, Wi-Fi y Proveedor de Servicios de Internet (ISP). <\/li>\n\n\n\n<li>Instalaci\u00f3n y\/o gesti\u00f3n de c\u00e1maras de seguridad.<\/li>\n\n\n\n<li>Instalaci\u00f3n y manejo de equipos de entretenimiento. <\/li>\n<\/ul>\n<\/div>\n<\/div>\n\n\n\n<div class=\"wp-block-uagb-separator uagb-block-971bc077\"><div class=\"wp-block-uagb-separator__inner\" style=\"--my-background-image:\"><\/div><\/div>\n\n\n\n<div class=\"wp-block-uagb-separator uagb-block-39b22afe\"><div class=\"wp-block-uagb-separator__inner\" style=\"--my-background-image:\"><\/div><\/div>\n\n\n\n<div class=\"wp-block-uagb-separator uagb-block-d44c9e76\"><div class=\"wp-block-uagb-separator__inner\" style=\"--my-background-image:\"><\/div><\/div>\n\n\n\n<div class=\"wp-block-uagb-advanced-heading uagb-block-764f6a46\"><h2 class=\"uagb-heading-text\">\u00a1Echa un vistazo a nuestros socios!<\/h2><\/div>\n\n\n\n<div class=\"wp-block-uagb-separator uagb-block-f8d335fe\"><div class=\"wp-block-uagb-separator__inner\" style=\"--my-background-image:\"><\/div><\/div>\n\n\n\n<div class=\"wp-block-uagb-separator uagb-block-c1a233ea wp-block-uagb-separator--icon\"><div class=\"wp-block-uagb-separator__inner\" style=\"--my-background-image:\"><div class=\"wp-block-uagb-separator-element\"><svg xmlns=\"https:\/\/www.w3.org\/2000\/svg\" viewbox=\"0 0 384 512\"><path d=\"M374.6 310.6l-160 160C208.4 476.9 200.2 480 192 480s-16.38-3.125-22.62-9.375l-160-160c-12.5-12.5-12.5-32.75 0-45.25s32.75-12.5 45.25 0L160 370.8V64c0-17.69 14.33-31.1 31.1-31.1S224 46.31 224 64v306.8l105.4-105.4c12.5-12.5 32.75-12.5 45.25 0S387.1 298.1 374.6 310.6z\"><\/path><\/svg><\/div><\/div><\/div>\n\n\n\n<div class=\"wp-block-uagb-separator uagb-block-d20c43d3\"><div class=\"wp-block-uagb-separator__inner\" style=\"--my-background-image:\"><\/div><\/div>\n\n\n\n<div class=\"wp-block-uagb-container uagb-layout-flex uagb-block-eb32380f alignfull uagb-is-root-container\"><div class=\"uagb-container-inner-blocks-wrap\">\n<div class=\"wp-block-uagb-container uagb-block-be9119b7\">\n<div class=\"wp-block-uagb-advanced-heading uagb-block-86317899\"><h2 class=\"uagb-heading-text\">Barberly<\/h2><p class=\"uagb-desc-text\">Barberly es un software integral de gesti\u00f3n para salones y barber\u00edas basado en la nube, dise\u00f1ado para optimizar las operaciones y mejorar la experiencia del cliente en barber\u00edas de todos los tama\u00f1os. Black Lion IT Services, un distribuidor autorizado (VAR) de confianza, ofrece instalaci\u00f3n experta y mantenimiento continuo de todo el hardware y software necesario, asegurando que los clientes aprovechen al m\u00e1ximo las potentes funciones de la plataforma.<\/p><\/div>\n<\/div>\n\n\n\n<div class=\"wp-block-uagb-container uagb-block-84d18ea4\">\n<div class=\"wp-block-uagb-image uagb-block-1aa2888e wp-block-uagb-image--layout-default wp-block-uagb-image--effect-static wp-block-uagb-image--align-none\"><figure class=\"wp-block-uagb-image__figure\"><img decoding=\"async\" srcset=\"https:\/\/blacklionit.tech\/wp-content\/uploads\/2025\/06\/unnamed-150x150.png ,https:\/\/blacklionit.tech\/wp-content\/uploads\/2025\/06\/unnamed.png 780w, https:\/\/blacklionit.tech\/wp-content\/uploads\/2025\/06\/unnamed-150x150.png 360w\" sizes=\"auto, (max-width: 480px) 150px\" src=\"https:\/\/blacklionit.tech\/wp-content\/uploads\/2025\/06\/unnamed-150x150.png\" alt=\"\" class=\"uag-image-1347\" width=\"150\" height=\"150\" title=\"unnamed\" loading=\"lazy\" role=\"img\"\/><\/figure><\/div>\n<\/div>\n\n\n\n<div class=\"wp-block-uagb-separator uagb-block-58b6b267\"><div class=\"wp-block-uagb-separator__inner\" style=\"--my-background-image:\"><\/div><\/div>\n\n\n\n<div class=\"wp-block-uagb-separator uagb-block-61e04134\"><div class=\"wp-block-uagb-separator__inner\" style=\"--my-background-image:\"><\/div><\/div>\n\n\n\n<div class=\"wp-block-uagb-separator uagb-block-04fdace0\"><div class=\"wp-block-uagb-separator__inner\" style=\"--my-background-image:\"><\/div><\/div>\n\n\n\n<div class=\"wp-block-uagb-container uagb-block-4583c764\">\n<div class=\"wp-block-uagb-image uagb-block-2f912945 wp-block-uagb-image--layout-default wp-block-uagb-image--effect-static wp-block-uagb-image--align-none\"><figure class=\"wp-block-uagb-image__figure\"><img decoding=\"async\" srcset=\"https:\/\/blacklionit.tech\/wp-content\/uploads\/2025\/06\/Quickbooks-150x150.png ,https:\/\/blacklionit.tech\/wp-content\/uploads\/2025\/06\/Quickbooks.png 780w, https:\/\/blacklionit.tech\/wp-content\/uploads\/2025\/06\/Quickbooks.png 360w\" sizes=\"auto, (max-width: 480px) 150px\" src=\"https:\/\/blacklionit.tech\/wp-content\/uploads\/2025\/06\/Quickbooks-150x150.png\" alt=\"\" class=\"uag-image-1348\" width=\"150\" height=\"150\" title=\"Quickbooks\" loading=\"lazy\" role=\"img\"\/><\/figure><\/div>\n<\/div>\n\n\n\n<div class=\"wp-block-uagb-container uagb-block-0ed6072d\">\n<div class=\"wp-block-uagb-advanced-heading uagb-block-bb41eb4e\"><h2 class=\"uagb-heading-text\">Servicios de Contabilidad<\/h2><p class=\"uagb-desc-text\">Nos asociamos con nuestro proveedor de servicios de contabilidad y tenedur\u00eda de libros, RLLI Bookkeeping Services. Ellos se especializan en ayudar a due\u00f1os de peque\u00f1as y medianas empresas a obtener los n\u00fameros e informaci\u00f3n que necesitan para tomar decisiones empresariales acertadas y aumentar sus ganancias. Trabajar\u00e1n arduamente para ayudarte a hacer crecer tu negocio y tener \u00e9xito. \u00bfEst\u00e1s trabajando sin parar y no ves que tu negocio crezca? \u00bfPeor a\u00fan, no sabes a d\u00f3nde va todo tu dinero? El problema puede estar en tu contabilidad. \u00a1LL\u00c1MALOS AHORA al (727)-831-8538 para conocer sus servicios y c\u00f3mo pueden ayudarte a organizar tus n\u00fameros!<\/p><\/div>\n<\/div>\n<\/div><\/div>\n\n\n\n<div class=\"wp-block-uagb-separator uagb-block-99b751b8\"><div class=\"wp-block-uagb-separator__inner\" style=\"--my-background-image:\"><\/div><\/div>","protected":false},"excerpt":{"rendered":"<p>Packages Basic The start of your modern business: Standard All included in the Basic package + Premium Everything in the [&hellip;]<\/p>","protected":false},"author":1,"featured_media":0,"parent":0,"menu_order":0,"comment_status":"closed","ping_status":"closed","template":"","meta":{"om_disable_all_campaigns":false,"_uag_custom_page_level_css":"","_monsterinsights_skip_tracking":false,"_monsterinsights_sitenote_active":false,"_monsterinsights_sitenote_note":"","_monsterinsights_sitenote_category":0,"site-sidebar-layout":"default","site-content-layout":"","ast-site-content-layout":"","site-content-style":"default","site-sidebar-style":"default","ast-global-header-display":"","ast-banner-title-visibility":"","ast-main-header-display":"","ast-hfb-above-header-display":"","ast-hfb-below-header-display":"","ast-hfb-mobile-header-display":"","site-post-title":"disabled","ast-breadcrumbs-content":"","ast-featured-img":"","footer-sml-layout":"","theme-transparent-header-meta":"","adv-header-id-meta":"","stick-header-meta":"","header-above-stick-meta":"","header-main-stick-meta":"","header-below-stick-meta":"","astra-migrate-meta-layouts":"default","ast-page-background-enabled":"default","ast-page-background-meta":{"desktop":{"background-color":"var(--ast-global-color-4)","background-image":"","background-repeat":"repeat","background-position":"center center","background-size":"auto","background-attachment":"scroll","background-type":"","background-media":"","overlay-type":"","overlay-color":"","overlay-opacity":"","overlay-gradient":""},"tablet":{"background-color":"","background-image":"","background-repeat":"repeat","background-position":"center center","background-size":"auto","background-attachment":"scroll","background-type":"","background-media":"","overlay-type":"","overlay-color":"","overlay-opacity":"","overlay-gradient":""},"mobile":{"background-color":"","background-image":"","background-repeat":"repeat","background-position":"center center","background-size":"auto","background-attachment":"scroll","background-type":"","background-media":"","overlay-type":"","overlay-color":"","overlay-opacity":"","overlay-gradient":""}},"ast-content-background-meta":{"desktop":{"background-color":"var(--ast-global-color-5)","background-image":"","background-repeat":"repeat","background-position":"center center","background-size":"auto","background-attachment":"scroll","background-type":"","background-media":"","overlay-type":"","overlay-color":"","overlay-opacity":"","overlay-gradient":""},"tablet":{"background-color":"var(--ast-global-color-5)","background-image":"","background-repeat":"repeat","background-position":"center center","background-size":"auto","background-attachment":"scroll","background-type":"","background-media":"","overlay-type":"","overlay-color":"","overlay-opacity":"","overlay-gradient":""},"mobile":{"background-color":"var(--ast-global-color-5)","background-image":"","background-repeat":"repeat","background-position":"center center","background-size":"auto","background-attachment":"scroll","background-type":"","background-media":"","overlay-type":"","overlay-color":"","overlay-opacity":"","overlay-gradient":""}},"footnotes":""},"class_list":["post-98","page","type-page","status-publish","hentry"],"aioseo_notices":[],"uagb_featured_image_src":{"full":false,"thumbnail":false,"medium":false,"medium_large":false,"large":false,"1536x1536":false,"2048x2048":false,"trp-custom-language-flag":false},"uagb_author_info":{"display_name":"blacklionec@outlook.com","author_link":"https:\/\/blacklionit.tech\/es\/author\/blacklionecoutlook-com\/"},"uagb_comment_info":0,"uagb_excerpt":"Packages Basic The start of your modern business: Standard All included in the Basic package + Premium Everything in the [&hellip;]","_links":{"self":[{"href":"https:\/\/blacklionit.tech\/es\/wp-json\/wp\/v2\/pages\/98","targetHints":{"allow":["GET"]}}],"collection":[{"href":"https:\/\/blacklionit.tech\/es\/wp-json\/wp\/v2\/pages"}],"about":[{"href":"https:\/\/blacklionit.tech\/es\/wp-json\/wp\/v2\/types\/page"}],"author":[{"embeddable":true,"href":"https:\/\/blacklionit.tech\/es\/wp-json\/wp\/v2\/users\/1"}],"replies":[{"embeddable":true,"href":"https:\/\/blacklionit.tech\/es\/wp-json\/wp\/v2\/comments?post=98"}],"version-history":[{"count":99,"href":"https:\/\/blacklionit.tech\/es\/wp-json\/wp\/v2\/pages\/98\/revisions"}],"predecessor-version":[{"id":1577,"href":"https:\/\/blacklionit.tech\/es\/wp-json\/wp\/v2\/pages\/98\/revisions\/1577"}],"wp:attachment":[{"href":"https:\/\/blacklionit.tech\/es\/wp-json\/wp\/v2\/media?parent=98"}],"curies":[{"name":"wp","href":"https:\/\/api.w.org\/{rel}","templated":true}]}}