{"id":31,"date":"2025-05-19T19:12:22","date_gmt":"2025-05-19T19:12:22","guid":{"rendered":"https:\/\/blacklionit.tech\/home\/"},"modified":"2025-06-19T17:27:46","modified_gmt":"2025-06-19T17:27:46","slug":"home","status":"publish","type":"page","link":"https:\/\/blacklionit.tech\/es\/","title":{"rendered":"Welcome to the new modern business!"},"content":{"rendered":"<hr class=\"wp-block-separator has-alpha-channel-opacity is-style-default\" style=\"margin-top:3rem;margin-bottom:3rem\"\/>\n\n\n\n<div class=\"wp-block-uagb-container uagb-block-fa303262 alignfull uagb-is-root-container\"><div class=\"uagb-container-inner-blocks-wrap\">\n<div class=\"wp-block-uagb-info-box uagb-block-0bca2e31 uagb-infobox__content-wrap  uagb-infobox-icon-above-title uagb-infobox-image-valign-top\"><div class=\"uagb-ifb-content\"><div class=\"uagb-ifb-title-wrap\"><h1 class=\"uagb-ifb-title\">Tu Gu\u00eda a Trav\u00e9s de la Jungla de IT.<\/h1><\/div><p class=\"uagb-ifb-desc\">Soluciones de IT personalizadas para peluquer\u00edas, salones y spas, que te permiten enfocarte en las necesidades de tus clientes.<\/p><div class=\"uagb-ifb-button-wrapper wp-block-button\"><a href=\"\/es\/contact\/\" class=\"uagb-infobox-cta-link wp-block-button__link\" target=\"_self\" rel=\"noopener noreferrer\" onclick=\"return true;\"><span class=\"uagb-inline-editing\">Comienza Aqui!<\/span><\/a><\/div><\/div><\/div>\n<\/div><\/div>\n\n\n\n<div class=\"wp-block-uagb-container uagb-block-a4795187 alignfull uagb-is-root-container\"><div class=\"uagb-container-inner-blocks-wrap\"><\/div><\/div>\n\n\n\n<hr class=\"wp-block-separator has-alpha-channel-opacity is-style-default\" style=\"margin-top:3rem;margin-bottom:3rem\"\/>\n\n\n\n<div class=\"wp-block-uagb-container uagb-block-619ad332 alignfull uagb-is-root-container\"><div class=\"uagb-container-inner-blocks-wrap\">\n<div class=\"wp-block-uagb-container uagb-block-60cffcb5\">\n<div class=\"wp-block-uagb-advanced-heading uagb-block-198b6eee\"><h2 class=\"uagb-heading-text\">Nuestros Servicios<\/h2><\/div>\n<\/div>\n\n\n\n<div class=\"wp-block-uagb-container uagb-block-e76c2ac4\">\n<div class=\"wp-block-uagb-container uagb-block-8d2ac9d6\">\n<div class=\"wp-block-uagb-image alignleft uagb-block-4d732e76 wp-block-uagb-image--layout-default wp-block-uagb-image--effect-static wp-block-uagb-image--align-left aligncenter\"><figure class=\"wp-block-uagb-image__figure\"><img decoding=\"async\" srcset=\"https:\/\/blacklionit.tech\/wp-content\/uploads\/2025\/05\/pexels-steve-970629-1024x683.jpg ,https:\/\/blacklionit.tech\/wp-content\/uploads\/2025\/05\/pexels-steve-970629-scaled.jpg 780w, https:\/\/blacklionit.tech\/wp-content\/uploads\/2025\/05\/pexels-steve-970629-300x200.jpg 360w\" sizes=\"auto, (max-width: 480px) 150px\" src=\"https:\/\/blacklionit.tech\/wp-content\/uploads\/2025\/05\/pexels-steve-970629-1024x683.jpg\" alt=\"\" class=\"uag-image-1256\" width=\"350\" height=\"360\" title=\"pexels-steve-970629\" loading=\"lazy\" role=\"img\"\/><\/figure><\/div>\n\n\n\n<div class=\"wp-block-uagb-info-box uagb-block-73ae9bd9 uagb-infobox__content-wrap  uagb-infobox-icon-above-title uagb-infobox-image-valign-top\"><div class=\"uagb-ifb-content\"><div class=\"uagb-ifb-title-wrap\"><h3 class=\"uagb-ifb-title\">Software de Manejo de Citas<\/h3><\/div><p class=\"uagb-ifb-desc\">Optimiza tu proceso de reservas con un avanzado sistema de manejo de citas.<\/p><\/div><\/div>\n<\/div>\n\n\n\n<div class=\"wp-block-uagb-container uagb-block-be805083\">\n<div class=\"wp-block-uagb-image alignleft uagb-block-1ae7d298 wp-block-uagb-image--layout-default wp-block-uagb-image--effect-static wp-block-uagb-image--align-left aligncenter\"><figure class=\"wp-block-uagb-image__figure\"><img decoding=\"async\" srcset=\"https:\/\/blacklionit.tech\/wp-content\/uploads\/2025\/05\/pexels-imin-technology-276315592-12935074-1024x683.jpg ,https:\/\/blacklionit.tech\/wp-content\/uploads\/2025\/05\/pexels-imin-technology-276315592-12935074-scaled.jpg 780w, https:\/\/blacklionit.tech\/wp-content\/uploads\/2025\/05\/pexels-imin-technology-276315592-12935074-300x200.jpg 360w\" sizes=\"auto, (max-width: 480px) 150px\" src=\"https:\/\/blacklionit.tech\/wp-content\/uploads\/2025\/05\/pexels-imin-technology-276315592-12935074-1024x683.jpg\" alt=\"\" class=\"uag-image-1257\" width=\"350\" height=\"360\" title=\"pexels-imin-technology-276315592-12935074\" loading=\"lazy\" role=\"img\"\/><\/figure><\/div>\n\n\n\n<div class=\"wp-block-uagb-info-box uagb-block-7e9b171c uagb-infobox__content-wrap  uagb-infobox-icon-above-title uagb-infobox-image-valign-top\"><div class=\"uagb-ifb-content\"><div class=\"uagb-ifb-title-wrap\"><h3 class=\"uagb-ifb-title\">Soluciones de Punto de Venta<\/h3><\/div><p class=\"uagb-ifb-desc\">Gestiona transacciones de manera eficiente con nuestros sistemas de punto de venta confiables, dise\u00f1ados espec\u00edficamente para negocios de cosmetolog\u00eda.<\/p><\/div><\/div>\n<\/div>\n\n\n\n<div class=\"wp-block-uagb-container uagb-block-325ef570\">\n<div class=\"wp-block-uagb-image alignleft uagb-block-199a156b wp-block-uagb-image--layout-default wp-block-uagb-image--effect-static wp-block-uagb-image--align-left aligncenter\"><figure class=\"wp-block-uagb-image__figure\"><img decoding=\"async\" srcset=\"https:\/\/blacklionit.tech\/wp-content\/uploads\/2025\/01\/pexels-linkedin-2182974-1024x683.jpg ,https:\/\/blacklionit.tech\/wp-content\/uploads\/2025\/01\/pexels-linkedin-2182974-scaled.jpg 780w, https:\/\/blacklionit.tech\/wp-content\/uploads\/2025\/01\/pexels-linkedin-2182974-300x200.jpg 360w\" sizes=\"auto, (max-width: 480px) 150px\" src=\"https:\/\/blacklionit.tech\/wp-content\/uploads\/2025\/01\/pexels-linkedin-2182974-1024x683.jpg\" alt=\"\" class=\"uag-image-137\" width=\"350\" height=\"360\" title=\"pexels-linkedin-2182974\" loading=\"lazy\" role=\"img\"\/><\/figure><\/div>\n\n\n\n<div class=\"wp-block-uagb-info-box uagb-block-fb17e3f8 uagb-infobox__content-wrap  uagb-infobox-icon-above-title uagb-infobox-image-valign-top\"><div class=\"uagb-ifb-content\"><div class=\"uagb-ifb-title-wrap\"><h3 class=\"uagb-ifb-title\">Soporte T\u00e9cnico<\/h3><\/div><p class=\"uagb-ifb-desc\">Nuestro equipo dedicado est\u00e1 100% comprometido con nuestros clientes. Ll\u00e1manos y resolveremos cualquier problema.<\/p><\/div><\/div>\n<\/div>\n<\/div>\n<\/div><\/div>\n\n\n\n<div class=\"wp-block-uagb-container uagb-block-f0d8dae7 alignfull uagb-is-root-container\"><div class=\"uagb-container-inner-blocks-wrap\">\n<div class=\"wp-block-uagb-container uagb-block-39f2abd6\">\n<div class=\"wp-block-uagb-image alignleft uagb-block-f03c0e0a wp-block-uagb-image--layout-default wp-block-uagb-image--effect-static wp-block-uagb-image--align-left\"><figure class=\"wp-block-uagb-image__figure\"><img decoding=\"async\" srcset=\"https:\/\/blacklionit.tech\/wp-content\/uploads\/2025\/03\/pexels-wing-ying-10473771-6148804-576x1024.jpg ,https:\/\/blacklionit.tech\/wp-content\/uploads\/2025\/03\/pexels-wing-ying-10473771-6148804-scaled.jpg 780w, https:\/\/blacklionit.tech\/wp-content\/uploads\/2025\/03\/pexels-wing-ying-10473771-6148804-scaled.jpg 360w\" sizes=\"auto, (max-width: 480px) 150px\" src=\"https:\/\/blacklionit.tech\/wp-content\/uploads\/2025\/03\/pexels-wing-ying-10473771-6148804-576x1024.jpg\" alt=\"\" class=\"uag-image-815\" width=\"576\" height=\"840\" title=\"pexels-wing-ying-10473771-6148804\" loading=\"lazy\" role=\"img\"\/><\/figure><\/div>\n\n\n\n<div class=\"wp-block-uagb-container uagb-block-86be4c12\">\n<div class=\"wp-block-uagb-advanced-heading uagb-block-ad7a575b\"><h2 class=\"uagb-heading-text\">Nuestra Historia<\/h2><p class=\"uagb-desc-text\">Black Lion IT Services es una empresa emergente pionera en tecnolog\u00eda de la informaci\u00f3n, centrada en ofrecer soluciones tecnol\u00f3gicas integrales exclusivamente para la industria de la cosmetolog\u00eda. Fundada a partir de una pasi\u00f3n por la belleza y la tecnolog\u00eda, nuestra misi\u00f3n es empoderar a los propietarios de salones de belleza y barber\u00edas con herramientas de gesti\u00f3n inform\u00e1tica fluidas y eficientes.<\/p><\/div>\n<\/div>\n<\/div>\n\n\n\n<div class=\"wp-block-uagb-separator uagb-block-2d9ad56a\"><div class=\"wp-block-uagb-separator__inner\" style=\"--my-background-image:\"><\/div><\/div>\n\n\n\n<div class=\"wp-block-uagb-container uagb-block-18ea64f8\">\n<div class=\"wp-block-uagb-container uagb-block-a52c36c3\">\n<div class=\"wp-block-uagb-advanced-heading uagb-block-e3ca0117\"><div class=\"uagb-heading-text\">01<\/div><\/div>\n\n\n\n<div class=\"wp-block-uagb-advanced-heading uagb-block-59a5961e\"><h3 class=\"uagb-heading-text\">Soporte Biling\u00fce<\/h3><p class=\"uagb-desc-text\">Ofrecemos servicios en Ingl\u00e9s y Espa\u00f1ol, garantizando accesibilidad para todos los profesionales de la cosmetolog\u00eda.<\/p><\/div>\n<\/div>\n\n\n\n<div class=\"wp-block-uagb-container uagb-block-616f99d6\">\n<div class=\"wp-block-uagb-advanced-heading uagb-block-5da44f8a\"><div class=\"uagb-heading-text\">02<\/div><\/div>\n\n\n\n<div class=\"wp-block-uagb-advanced-heading uagb-block-5e9fe326\"><h3 class=\"uagb-heading-text\">Soluciones Integrales<\/h3><p class=\"uagb-desc-text\">Desde la programaci\u00f3n de citas hasta el procesamiento de pagos, nuestra plataforma todo en uno cubre cada aspecto de las necesidades de tu negocio.<\/p><\/div>\n<\/div>\n\n\n\n<div class=\"wp-block-uagb-container uagb-block-8cb0283e\">\n<div class=\"wp-block-uagb-advanced-heading uagb-block-f510f0da\"><div class=\"uagb-heading-text\">03<\/div><\/div>\n\n\n\n<div class=\"wp-block-uagb-advanced-heading uagb-block-bbc8497f\"><h3 class=\"uagb-heading-text\">Experiencia en la Industria<\/h3><p class=\"uagb-desc-text\">Dedicados exclusivamente a barberos y esteticistas, entendemos los desaf\u00edos \u00fanicos del sector de la cosmetolog\u00eda.<\/p><\/div>\n<\/div>\n<\/div>\n<\/div><\/div>\n\n\n\n<hr class=\"wp-block-separator has-alpha-channel-opacity is-style-default\" style=\"margin-top:3rem;margin-bottom:3rem\"\/>\n\n\n\n<div class=\"wp-block-uagb-container uagb-block-70f1f417 alignfull uagb-is-root-container\"><div class=\"uagb-container-inner-blocks-wrap\">\n<div class=\"wp-block-uagb-container uagb-block-73a0f5fc\">\n<div class=\"wp-block-uagb-advanced-heading uagb-block-dbd1994b\"><h2 class=\"uagb-heading-text\">Porque Elegirnos a Nosotros?<\/h2><\/div>\n\n\n\n<div class=\"wp-block-uagb-info-box uagb-block-50ee0b19 uagb-infobox__content-wrap  uagb-infobox-icon-left uagb-infobox-left uagb-infobox-image-valign-top\"><div class=\"uagb-ifb-icon-wrap\"><div class=\"uagb-iconbox-icon-wrap uagb-infobox-shape-circle\"><svg xmlns=\"https:\/\/www.w3.org\/2000\/svg\" viewbox=\"0 0 512 512\"><path d=\"M0 256C0 114.6 114.6 0 256 0C397.4 0 512 114.6 512 256C512 397.4 397.4 512 256 512C114.6 512 0 397.4 0 256zM371.8 211.8C382.7 200.9 382.7 183.1 371.8 172.2C360.9 161.3 343.1 161.3 332.2 172.2L224 280.4L179.8 236.2C168.9 225.3 151.1 225.3 140.2 236.2C129.3 247.1 129.3 264.9 140.2 275.8L204.2 339.8C215.1 350.7 232.9 350.7 243.8 339.8L371.8 211.8z\"><\/path><\/svg><\/div><\/div><div class=\"uagb-ifb-content\"><div class=\"uagb-ifb-title-wrap\"><h3 class=\"uagb-ifb-title\">Dise\u00f1ado para Cosmetolog\u00eda<\/h3><\/div><p class=\"uagb-ifb-desc\">Nuestros servicios est\u00e1n desarrollados espec\u00edficamente para las necesidades de los negocios de cabello y belleza, garantizando soluciones efectivas.<\/p><\/div><\/div>\n\n\n\n<div class=\"wp-block-uagb-info-box uagb-block-7e50779b uagb-infobox__content-wrap  uagb-infobox-icon-left uagb-infobox-left uagb-infobox-image-valign-top\"><div class=\"uagb-ifb-icon-wrap\"><div class=\"uagb-iconbox-icon-wrap uagb-infobox-shape-circle\"><svg xmlns=\"https:\/\/www.w3.org\/2000\/svg\" viewbox=\"0 0 512 512\"><path d=\"M0 256C0 114.6 114.6 0 256 0C397.4 0 512 114.6 512 256C512 397.4 397.4 512 256 512C114.6 512 0 397.4 0 256zM371.8 211.8C382.7 200.9 382.7 183.1 371.8 172.2C360.9 161.3 343.1 161.3 332.2 172.2L224 280.4L179.8 236.2C168.9 225.3 151.1 225.3 140.2 236.2C129.3 247.1 129.3 264.9 140.2 275.8L204.2 339.8C215.1 350.7 232.9 350.7 243.8 339.8L371.8 211.8z\"><\/path><\/svg><\/div><\/div><div class=\"uagb-ifb-content\"><div class=\"uagb-ifb-title-wrap\"><h3 class=\"uagb-ifb-title\">Soporte Inigualable<\/h3><\/div><p class=\"uagb-ifb-desc\">Nuestro equipo dedicado ofrece un soporte excepcional para mantener tu negocio funcionando sin problemas, permiti\u00e9ndote enfocarte en tus clientes.<\/p><\/div><\/div>\n\n\n\n<div class=\"wp-block-uagb-info-box uagb-block-28338afc uagb-infobox__content-wrap  uagb-infobox-icon-left uagb-infobox-left uagb-infobox-image-valign-top\"><div class=\"uagb-ifb-icon-wrap\"><div class=\"uagb-iconbox-icon-wrap uagb-infobox-shape-circle\"><svg xmlns=\"https:\/\/www.w3.org\/2000\/svg\" viewbox=\"0 0 512 512\"><path d=\"M0 256C0 114.6 114.6 0 256 0C397.4 0 512 114.6 512 256C512 397.4 397.4 512 256 512C114.6 512 0 397.4 0 256zM371.8 211.8C382.7 200.9 382.7 183.1 371.8 172.2C360.9 161.3 343.1 161.3 332.2 172.2L224 280.4L179.8 236.2C168.9 225.3 151.1 225.3 140.2 236.2C129.3 247.1 129.3 264.9 140.2 275.8L204.2 339.8C215.1 350.7 232.9 350.7 243.8 339.8L371.8 211.8z\"><\/path><\/svg><\/div><\/div><div class=\"uagb-ifb-content\"><div class=\"uagb-ifb-title-wrap\"><h3 class=\"uagb-ifb-title\">Gesti\u00f3n Simplificada<\/h3><\/div><p class=\"uagb-ifb-desc\">Administra citas, pagos y mucho m\u00e1s desde una plataforma integral dise\u00f1ada para mejorar la productividad y la eficiencia.<\/p><\/div><\/div>\n<\/div>\n\n\n\n<div class=\"wp-block-uagb-container uagb-block-baaf0eca\">\n<div class=\"wp-block-uagb-image alignright uagb-block-092474bd wp-block-uagb-image--layout-default wp-block-uagb-image--effect-static wp-block-uagb-image--align-right\"><figure class=\"wp-block-uagb-image__figure\"><img decoding=\"async\" srcset=\"https:\/\/blacklionit.tech\/wp-content\/uploads\/2025\/03\/pexels-fauxels-3184291-1024x683.jpg ,https:\/\/blacklionit.tech\/wp-content\/uploads\/2025\/03\/pexels-fauxels-3184291-scaled.jpg 780w, https:\/\/blacklionit.tech\/wp-content\/uploads\/2025\/03\/pexels-fauxels-3184291-scaled.jpg 360w\" sizes=\"auto, (max-width: 480px) 150px\" src=\"https:\/\/blacklionit.tech\/wp-content\/uploads\/2025\/03\/pexels-fauxels-3184291-1024x683.jpg\" alt=\"\" class=\"uag-image-997\" width=\"570\" height=\"480\" title=\"pexels-fauxels-3184291\" loading=\"lazy\" role=\"img\"\/><\/figure><\/div>\n<\/div>\n<\/div><\/div>","protected":false},"excerpt":{"rendered":"<p>Our Services The Story Behind Us Black Lion IT Services is a pioneering IT startup focused on providing holistic technology [&hellip;]<\/p>","protected":false},"author":1,"featured_media":0,"parent":0,"menu_order":0,"comment_status":"closed","ping_status":"closed","template":"","meta":{"om_disable_all_campaigns":false,"_uag_custom_page_level_css":"","_monsterinsights_skip_tracking":false,"_monsterinsights_sitenote_active":false,"_monsterinsights_sitenote_note":"","_monsterinsights_sitenote_category":0,"site-sidebar-layout":"default","site-content-layout":"","ast-site-content-layout":"default","site-content-style":"default","site-sidebar-style":"default","ast-global-header-display":"","ast-banner-title-visibility":"","ast-main-header-display":"","ast-hfb-above-header-display":"","ast-hfb-below-header-display":"","ast-hfb-mobile-header-display":"","site-post-title":"disabled","ast-breadcrumbs-content":"","ast-featured-img":"","footer-sml-layout":"","theme-transparent-header-meta":"enabled","adv-header-id-meta":"","stick-header-meta":"","header-above-stick-meta":"","header-main-stick-meta":"","header-below-stick-meta":"","astra-migrate-meta-layouts":"default","ast-page-background-enabled":"default","ast-page-background-meta":{"desktop":{"background-color":"var(--ast-global-color-4)","background-image":"","background-repeat":"repeat","background-position":"center center","background-size":"auto","background-attachment":"scroll","background-type":"","background-media":"","overlay-type":"","overlay-color":"","overlay-opacity":"","overlay-gradient":""},"tablet":{"background-color":"","background-image":"","background-repeat":"repeat","background-position":"center center","background-size":"auto","background-attachment":"scroll","background-type":"","background-media":"","overlay-type":"","overlay-color":"","overlay-opacity":"","overlay-gradient":""},"mobile":{"background-color":"","background-image":"","background-repeat":"repeat","background-position":"center center","background-size":"auto","background-attachment":"scroll","background-type":"","background-media":"","overlay-type":"","overlay-color":"","overlay-opacity":"","overlay-gradient":""}},"ast-content-background-meta":{"desktop":{"background-color":"var(--ast-global-color-5)","background-image":"","background-repeat":"repeat","background-position":"center center","background-size":"auto","background-attachment":"scroll","background-type":"","background-media":"","overlay-type":"","overlay-color":"","overlay-opacity":"","overlay-gradient":""},"tablet":{"background-color":"var(--ast-global-color-5)","background-image":"","background-repeat":"repeat","background-position":"center center","background-size":"auto","background-attachment":"scroll","background-type":"","background-media":"","overlay-type":"","overlay-color":"","overlay-opacity":"","overlay-gradient":""},"mobile":{"background-color":"var(--ast-global-color-5)","background-image":"","background-repeat":"repeat","background-position":"center center","background-size":"auto","background-attachment":"scroll","background-type":"","background-media":"","overlay-type":"","overlay-color":"","overlay-opacity":"","overlay-gradient":""}},"footnotes":""},"class_list":["post-31","page","type-page","status-publish","hentry"],"aioseo_notices":[],"uagb_featured_image_src":{"full":false,"thumbnail":false,"medium":false,"medium_large":false,"large":false,"1536x1536":false,"2048x2048":false,"trp-custom-language-flag":false},"uagb_author_info":{"display_name":"blacklionec@outlook.com","author_link":"https:\/\/blacklionit.tech\/es\/author\/blacklionecoutlook-com\/"},"uagb_comment_info":0,"uagb_excerpt":"Our Services The Story Behind Us Black Lion IT Services is a pioneering IT startup focused on providing holistic technology [&hellip;]","_links":{"self":[{"href":"https:\/\/blacklionit.tech\/es\/wp-json\/wp\/v2\/pages\/31","targetHints":{"allow":["GET"]}}],"collection":[{"href":"https:\/\/blacklionit.tech\/es\/wp-json\/wp\/v2\/pages"}],"about":[{"href":"https:\/\/blacklionit.tech\/es\/wp-json\/wp\/v2\/types\/page"}],"author":[{"embeddable":true,"href":"https:\/\/blacklionit.tech\/es\/wp-json\/wp\/v2\/users\/1"}],"replies":[{"embeddable":true,"href":"https:\/\/blacklionit.tech\/es\/wp-json\/wp\/v2\/comments?post=31"}],"version-history":[{"count":59,"href":"https:\/\/blacklionit.tech\/es\/wp-json\/wp\/v2\/pages\/31\/revisions"}],"predecessor-version":[{"id":1578,"href":"https:\/\/blacklionit.tech\/es\/wp-json\/wp\/v2\/pages\/31\/revisions\/1578"}],"wp:attachment":[{"href":"https:\/\/blacklionit.tech\/es\/wp-json\/wp\/v2\/media?parent=31"}],"curies":[{"name":"wp","href":"https:\/\/api.w.org\/{rel}","templated":true}]}}